{"id":8,"date":"2025-06-27T12:45:48","date_gmt":"2025-06-27T12:45:48","guid":{"rendered":"https:\/\/paginasviralesonline.com\/blog\/?page_id=8"},"modified":"2025-07-13T12:02:16","modified_gmt":"2025-07-13T12:02:16","slug":"about","status":"publish","type":"page","link":"https:\/\/paginasviralesonline.com\/blog\/about\/","title":{"rendered":"About"},"content":{"rendered":"\n<div class=\"wp-block-cover alignfull\" style=\"min-height:320px;aspect-ratio:unset;\"><img decoding=\"async\" width=\"1024\" height=\"768\" class=\"wp-block-cover__image-background wp-image-63 size-full lazyload\" alt=\"\" data-src=\"https:\/\/paginasviralesonline.com\/blog\/wp-content\/uploads\/2025\/06\/landing-pages-9.jpg\" data-object-fit=\"cover\" data-srcset=\"https:\/\/paginasviralesonline.com\/blog\/wp-content\/uploads\/2025\/06\/landing-pages-9.jpg 1024w, https:\/\/paginasviralesonline.com\/blog\/wp-content\/uploads\/2025\/06\/landing-pages-9-300x225.jpg 300w, https:\/\/paginasviralesonline.com\/blog\/wp-content\/uploads\/2025\/06\/landing-pages-9-768x576.jpg 768w\" data-sizes=\"(max-width: 1024px) 100vw, 1024px\" src=\"data:image\/svg+xml;base64,PHN2ZyB3aWR0aD0iMSIgaGVpZ2h0PSIxIiB4bWxucz0iaHR0cDovL3d3dy53My5vcmcvMjAwMC9zdmciPjwvc3ZnPg==\" style=\"--smush-placeholder-width: 1024px; --smush-placeholder-aspect-ratio: 1024\/768;\" \/><span aria-hidden=\"true\" class=\"wp-block-cover__background has-nv-site-bg-background-color has-background-dim\"><\/span><div class=\"wp-block-cover__inner-container is-layout-flow wp-block-cover-is-layout-flow\">\n<div class=\"wp-block-group\" style=\"padding-right:var(--wp--preset--spacing--30);padding-left:var(--wp--preset--spacing--30)\"><div class=\"wp-block-group__inner-container is-layout-flow wp-block-group-is-layout-flow\">\n<h2 class=\"wp-block-heading has-text-align-left has-neve-text-color-color has-text-color\"><strong>Sobre Nosotros<\/strong><\/h2>\n<\/div><\/div>\n<\/div><\/div>\n\n\n\n<div class=\"wp-block-cover alignfull\" style=\"min-height:600px;aspect-ratio:unset;\"><span aria-hidden=\"true\" class=\"wp-block-cover__background has-nv-light-bg-background-color has-background-dim-100 has-background-dim\"><\/span><div class=\"wp-block-cover__inner-container is-layout-flow wp-block-cover-is-layout-flow\">\n<div class=\"wp-block-group\"><div class=\"wp-block-group__inner-container is-layout-flow wp-block-group-is-layout-flow\">\n<div style=\"height:80px\" aria-hidden=\"true\" class=\"wp-block-spacer\"><\/div>\n\n\n\n<div class=\"wp-block-columns are-vertically-aligned-center has-neve-text-color-color has-text-color is-layout-flex wp-container-core-columns-is-layout-9d6595d7 wp-block-columns-is-layout-flex\">\n<div class=\"wp-block-column is-vertically-aligned-center is-layout-flow wp-block-column-is-layout-flow\" style=\"padding-right:var(--wp--preset--spacing--30);padding-left:var(--wp--preset--spacing--30);flex-basis:50%\">\n<figure class=\"wp-block-image size-full has-custom-border\"><a href=\"https:\/\/paginasviralesonline.com\/oferta-index.html\"><img decoding=\"async\" width=\"500\" height=\"500\" data-src=\"https:\/\/paginasviralesonline.com\/blog\/wp-content\/uploads\/2025\/06\/pvo-favicon.png\" alt=\"P\u00e1ginas Virales Online favicon and logo.\" class=\"wp-image-30 lazyload\" style=\"--smush-placeholder-width: 500px; --smush-placeholder-aspect-ratio: 500\/500;border-radius:16px\" data-srcset=\"https:\/\/paginasviralesonline.com\/blog\/wp-content\/uploads\/2025\/06\/pvo-favicon.png 500w, https:\/\/paginasviralesonline.com\/blog\/wp-content\/uploads\/2025\/06\/pvo-favicon-300x300.png 300w, https:\/\/paginasviralesonline.com\/blog\/wp-content\/uploads\/2025\/06\/pvo-favicon-150x150.png 150w\" data-sizes=\"(max-width: 500px) 100vw, 500px\" src=\"data:image\/svg+xml;base64,PHN2ZyB3aWR0aD0iMSIgaGVpZ2h0PSIxIiB4bWxucz0iaHR0cDovL3d3dy53My5vcmcvMjAwMC9zdmciPjwvc3ZnPg==\" \/><\/a><\/figure>\n<\/div>\n\n\n\n<div class=\"wp-block-column is-vertically-aligned-center is-layout-flow wp-block-column-is-layout-flow\" style=\"padding-top:0;padding-right:var(--wp--preset--spacing--30);padding-bottom:0;padding-left:var(--wp--preset--spacing--30);flex-basis:50%\">\n<h2 class=\"wp-block-heading has-neve-text-color-color has-text-color\"><strong>P\u00e1ginas Virales Online naci\u00f3 con un objetivo claro:<\/strong><\/h2>\n\n\n\n<p class=\"has-neve-text-color-color has-text-color\">Poner al alcance de todos la posibilidad de crear p\u00e1ginas de aterrizaje y captura que realmente funcionen, sin complicaciones t\u00e9cnicas ni costos elevados.<\/p>\n\n\n\n<p class=\"has-neve-text-color-color has-text-color\">En el mundo digital, captar la atenci\u00f3n de tu audiencia y construir relaciones de confianza desde el primer contacto es la clave para tener \u00e9xito. <\/p>\n\n\n\n<p class=\"has-neve-text-color-color has-text-color\">Por eso desarrollamos una plataforma sencilla, en espa\u00f1ol, que te permite lanzar tus propias p\u00e1ginas de manera r\u00e1pida y sin depender de terceros.<\/p>\n<\/div>\n<\/div>\n\n\n\n<div style=\"height:40px\" aria-hidden=\"true\" class=\"wp-block-spacer\"><\/div>\n<\/div><\/div>\n<\/div><\/div>\n\n\n\n<div class=\"wp-block-cover alignfull\" style=\"min-height:600px;aspect-ratio:unset;\"><span aria-hidden=\"true\" class=\"wp-block-cover__background has-nv-dark-bg-background-color has-background-dim-100 has-background-dim\"><\/span><div class=\"wp-block-cover__inner-container is-layout-flow wp-block-cover-is-layout-flow\">\n<div class=\"wp-block-group\"><div class=\"wp-block-group__inner-container is-layout-flow wp-block-group-is-layout-flow\">\n<div style=\"height:80px\" aria-hidden=\"true\" class=\"wp-block-spacer\"><\/div>\n\n\n\n<div class=\"wp-block-columns are-vertically-aligned-center is-layout-flex wp-container-core-columns-is-layout-9d6595d7 wp-block-columns-is-layout-flex\">\n<div class=\"wp-block-column is-vertically-aligned-center is-layout-flow wp-block-column-is-layout-flow\" style=\"padding-right:var(--wp--preset--spacing--30);padding-left:var(--wp--preset--spacing--30);flex-basis:50%\">\n<h2 class=\"wp-block-heading has-nv-text-dark-bg-color has-text-color\"><strong>Nuestra Misi\u00f3n<\/strong><\/h2>\n\n\n\n<p class=\"has-nv-text-dark-bg-color has-text-color\">Democratizar el marketing digital, entregando a emprendedores, afiliados, coaches, consultores y todo tipo de creadores digitales las herramientas, el conocimiento y el apoyo necesarios para captar leads, conectar con su audiencia y construir su propio sistema online, sin importar su experiencia previa.<\/p>\n\n\n\n<div style=\"height:20px\" aria-hidden=\"true\" class=\"wp-block-spacer\"><\/div>\n\n\n\n<div class=\"wp-block-buttons has-custom-font-size has-small-font-size is-content-justification-left is-layout-flex wp-container-core-buttons-is-layout-fdcfc74e wp-block-buttons-is-layout-flex\">\n<div class=\"wp-block-button is-style-default\"><a class=\"wp-block-button__link has-nv-text-dark-bg-color has-neve-link-color-background-color has-text-color has-background has-link-color has-custom-font-size wp-element-button\" href=\"mailto:soporte@paginasviralesonline.com\" style=\"font-size:16px\">Contactanos<\/a><\/div>\n<\/div>\n\n\n\n<div style=\"height:20px\" aria-hidden=\"true\" class=\"wp-block-spacer\"><\/div>\n<\/div>\n\n\n\n<div class=\"wp-block-column is-vertically-aligned-center is-layout-flow wp-block-column-is-layout-flow\" style=\"padding-right:var(--wp--preset--spacing--30);padding-left:var(--wp--preset--spacing--30);flex-basis:50%\">\n<figure class=\"wp-block-image size-full has-custom-border\"><img decoding=\"async\" width=\"1024\" height=\"768\" data-src=\"https:\/\/paginasviralesonline.com\/blog\/wp-content\/uploads\/2025\/06\/landing-pages-4.jpg\" alt=\"\" class=\"wp-image-37 lazyload\" style=\"--smush-placeholder-width: 1024px; --smush-placeholder-aspect-ratio: 1024\/768;border-radius:16px\" data-srcset=\"https:\/\/paginasviralesonline.com\/blog\/wp-content\/uploads\/2025\/06\/landing-pages-4.jpg 1024w, https:\/\/paginasviralesonline.com\/blog\/wp-content\/uploads\/2025\/06\/landing-pages-4-300x225.jpg 300w, https:\/\/paginasviralesonline.com\/blog\/wp-content\/uploads\/2025\/06\/landing-pages-4-768x576.jpg 768w\" data-sizes=\"(max-width: 1024px) 100vw, 1024px\" src=\"data:image\/svg+xml;base64,PHN2ZyB3aWR0aD0iMSIgaGVpZ2h0PSIxIiB4bWxucz0iaHR0cDovL3d3dy53My5vcmcvMjAwMC9zdmciPjwvc3ZnPg==\" \/><\/figure>\n<\/div>\n<\/div>\n\n\n\n<div style=\"height:40px\" aria-hidden=\"true\" class=\"wp-block-spacer\"><\/div>\n<\/div><\/div>\n<\/div><\/div>\n\n\n\n<div class=\"wp-block-cover alignfull\" style=\"min-height:600px;aspect-ratio:unset;\"><span aria-hidden=\"true\" class=\"wp-block-cover__background has-nv-light-bg-background-color has-background-dim-100 has-background-dim\"><\/span><div class=\"wp-block-cover__inner-container is-layout-flow wp-block-cover-is-layout-flow\">\n<div class=\"wp-block-group\"><div class=\"wp-block-group__inner-container is-layout-flow wp-block-group-is-layout-flow\">\n<div style=\"height:80px\" aria-hidden=\"true\" class=\"wp-block-spacer\"><\/div>\n\n\n\n<div class=\"wp-block-columns is-layout-flex wp-container-core-columns-is-layout-9d6595d7 wp-block-columns-is-layout-flex\">\n<div class=\"wp-block-column is-layout-flow wp-block-column-is-layout-flow\" style=\"flex-basis:20%\">\n<div class=\"wp-block-group is-vertical is-content-justification-center is-layout-flex wp-container-core-group-is-layout-4b2eccd6 wp-block-group-is-layout-flex\"><\/div>\n<\/div>\n\n\n\n<div class=\"wp-block-column is-layout-flow wp-block-column-is-layout-flow\" style=\"flex-basis:60%\">\n<div class=\"wp-block-group is-vertical is-content-justification-center is-layout-flex wp-container-core-group-is-layout-4b2eccd6 wp-block-group-is-layout-flex\">\n<h2 class=\"wp-block-heading has-text-align-center has-neve-text-color-color has-text-color has-link-color wp-elements-762d986970de10ed607adbf7830d94dd\"><strong>Nuestros Valores<\/strong><\/h2>\n\n\n\n<ul style=\"color:#444444\" class=\"wp-block-list has-text-color has-link-color wp-elements-3194d2ae5b95f6f470c95165a8d10354\">\n<li><strong>Simplicidad:<\/strong> Hacemos que crear p\u00e1ginas efectivas sea sencillo para todos.<\/li>\n\n\n\n<li><strong>Transparencia:<\/strong> Compartimos informaci\u00f3n clara, honesta y accionable.<\/li>\n\n\n\n<li><strong>Compromiso:<\/strong> Investigamos y analizamos antes de recomendar cualquier recurso o estrategia.<\/li>\n\n\n\n<li><strong>Aprendizaje:<\/strong> Creemos que el \u00e9xito es un proceso continuo; te animamos a investigar, probar y mejorar siempre.<\/li>\n\n\n\n<li><strong>Cercan\u00eda:<\/strong> Escuchamos a nuestra comunidad y mejoramos la herramienta seg\u00fan tus necesidades reales.<\/li>\n<\/ul>\n\n\n\n<div style=\"height:0px\" aria-hidden=\"true\" class=\"wp-block-spacer wp-container-content-f9bd05ee\"><\/div>\n<\/div>\n<\/div>\n\n\n\n<div class=\"wp-block-column is-layout-flow wp-block-column-is-layout-flow\" style=\"flex-basis:20%\">\n<div class=\"wp-block-group is-vertical is-content-justification-center is-layout-flex wp-container-core-group-is-layout-4b2eccd6 wp-block-group-is-layout-flex\"><\/div>\n<\/div>\n<\/div>\n\n\n\n<div class=\"wp-block-columns has-nv-text-dark-bg-color has-neve-link-color-background-color has-text-color has-background has-link-color wp-elements-1f98a1c87b8bf98ac6dec51dc55c7c0d is-layout-flex wp-container-core-columns-is-layout-54bf4747 wp-block-columns-is-layout-flex\" style=\"border-radius:24px;padding-top:var(--wp--preset--spacing--70);padding-right:var(--wp--preset--spacing--70);padding-bottom:var(--wp--preset--spacing--70);padding-left:var(--wp--preset--spacing--70)\">\n<div class=\"wp-block-column is-layout-flow wp-block-column-is-layout-flow\" style=\"flex-basis:100%\">\n<h2 class=\"wp-block-heading has-nv-text-dark-bg-color has-text-color has-link-color has-huge-font-size wp-elements-4a338e80913bc19ae40d357d28910b43\"><strong>Qui\u00e9nes somos<\/strong>!<\/h2>\n\n\n\n<p class=\"has-nv-text-dark-bg-color has-text-color wp-elements-70a4fa2c315f08930981c1d97df315f6\"><strong>Ismel Guerrero<\/strong><\/p>\n<\/div>\n\n\n\n<div class=\"wp-block-column is-layout-flow wp-block-column-is-layout-flow\" style=\"flex-basis:100%\">\n<p class=\"has-nv-text-dark-bg-color has-text-color has-link-color has-medium-font-size wp-elements-44e066cdf4bebca2e959d936ee55a1c1\">Detr\u00e1s de P\u00e1ginas Virales Online hay un equipo apasionado por el marketing digital y la educaci\u00f3n online.&nbsp;<\/p>\n\n\n\n<p class=\"has-nv-text-dark-bg-color has-text-color has-link-color has-medium-font-size wp-elements-de773545b9fa715fc9249af7bfc9ebca\">Nos mueve ayudar a otros emprendedores a lograr resultados concretos usando estrategias modernas, pr\u00e1cticas y probadas en el mundo real.<\/p>\n<\/div>\n<\/div>\n\n\n\n<div style=\"height:40px\" aria-hidden=\"true\" class=\"wp-block-spacer\"><\/div>\n<\/div><\/div>\n\n\n\n<div class=\"wp-block-columns is-layout-flex wp-container-core-columns-is-layout-9d6595d7 wp-block-columns-is-layout-flex\">\n<div class=\"wp-block-column is-layout-flow wp-block-column-is-layout-flow\" style=\"flex-basis:20%\">\n<div class=\"wp-block-group is-vertical is-content-justification-center is-layout-flex wp-container-core-group-is-layout-4b2eccd6 wp-block-group-is-layout-flex\"><\/div>\n<\/div>\n\n\n\n<div class=\"wp-block-column is-layout-flow wp-block-column-is-layout-flow\" style=\"flex-basis:60%\">\n<div class=\"wp-block-group is-vertical is-content-justification-center is-layout-flex wp-container-core-group-is-layout-4b2eccd6 wp-block-group-is-layout-flex\">\n<h2 class=\"wp-block-heading has-text-align-center has-neve-text-color-color has-text-color has-link-color wp-elements-26abd530de38dcf029ac141227c382e6\"><strong><strong>Transparencia y responsabilidad<\/strong><\/strong><\/h2>\n\n\n\n<p class=\"has-neve-text-color-color has-text-color has-link-color wp-elements-cdb31a39c0e02f7b9f718d7751edae44\">Aunque ponemos todo nuestro esfuerzo en brindarte soluciones pr\u00e1cticas y recursos de alto valor, siempre recomendamos que tambi\u00e9n realices tu propia investigaci\u00f3n y tomes decisiones informadas para tu negocio o proyecto.&nbsp;<\/p>\n\n\n\n<p class=\"has-neve-text-color-color has-text-color has-link-color wp-elements-d75fdb4e45b62255062f3d44f7deb0ad\">El mundo digital est\u00e1 en constante cambio, y tu \u00e9xito depende tanto de tu curiosidad como de tu acci\u00f3n.<\/p>\n\n\n\n<hr class=\"wp-block-separator has-alpha-channel-opacity\"\/>\n\n\n\n<p class=\"has-neve-text-color-color has-text-color has-link-color wp-elements-bf7f29e8e1c168fc8ca184dc57230d48\"><strong>Gracias por confiar en P\u00e1ginas Virales Online.<\/strong>&nbsp;<\/p>\n\n\n\n<p class=\"has-text-align-left has-neve-text-color-color has-text-color has-link-color wp-elements-760b7006fe442bdbb84c8a261bb2994a\">Estamos aqu\u00ed para apoyarte y facilitarte el camino en tu crecimiento digital.<\/p>\n\n\n\n<div style=\"height:0px\" aria-hidden=\"true\" class=\"wp-block-spacer wp-container-content-f9bd05ee\"><\/div>\n\n\n\n<div class=\"wp-block-buttons is-layout-flex wp-block-buttons-is-layout-flex\">\n<div class=\"wp-block-button\"><a class=\"wp-block-button__link has-nv-site-bg-color has-neve-link-color-background-color has-text-color has-background has-link-color has-medium-font-size has-custom-font-size wp-element-button\" href=\"https:\/\/paginasviralesonline.com\/oferta-index.html\"><strong>Acceso Inmediato<\/strong><\/a><\/div>\n<\/div>\n<\/div>\n<\/div>\n\n\n\n<div class=\"wp-block-column is-layout-flow wp-block-column-is-layout-flow\" style=\"flex-basis:20%\">\n<div class=\"wp-block-group is-vertical is-content-justification-center is-layout-flex wp-container-core-group-is-layout-4b2eccd6 wp-block-group-is-layout-flex\"><\/div>\n<\/div>\n<\/div>\n<\/div><\/div>\n\n\n\n<p><\/p>\n","protected":false},"excerpt":{"rendered":"","protected":false},"author":1,"featured_media":0,"parent":0,"menu_order":0,"comment_status":"closed","ping_status":"closed","template":"","meta":{"neve_meta_sidebar":"","neve_meta_container":"","neve_meta_enable_content_width":"on","neve_meta_content_width":100,"neve_meta_title_alignment":"","neve_meta_author_avatar":"","neve_post_elements_order":"","neve_meta_disable_header":"","neve_meta_disable_footer":"","neve_meta_disable_title":"on","footnotes":""},"class_list":["post-8","page","type-page","status-publish","hentry"],"yoast_head":"<!-- This site is optimized with the Yoast SEO plugin v25.5 - https:\/\/yoast.com\/wordpress\/plugins\/seo\/ -->\n<title>About - P\u00e1ginas Virales Online<\/title>\n<meta name=\"robots\" content=\"index, follow, max-snippet:-1, max-image-preview:large, max-video-preview:-1\" \/>\n<link rel=\"canonical\" href=\"https:\/\/paginasviralesonline.com\/blog\/about\/\" \/>\n<meta property=\"og:locale\" content=\"en_US\" \/>\n<meta property=\"og:type\" content=\"article\" \/>\n<meta property=\"og:title\" content=\"About - P\u00e1ginas Virales Online\" \/>\n<meta property=\"og:url\" content=\"https:\/\/paginasviralesonline.com\/blog\/about\/\" \/>\n<meta property=\"og:site_name\" content=\"P\u00e1ginas Virales Online\" \/>\n<meta property=\"article:modified_time\" content=\"2025-07-13T12:02:16+00:00\" \/>\n<meta property=\"og:image\" content=\"https:\/\/paginasviralesonline.com\/blog\/wp-content\/uploads\/2025\/06\/landing-pages-9.jpg\" \/>\n\t<meta property=\"og:image:width\" content=\"1024\" \/>\n\t<meta property=\"og:image:height\" content=\"768\" \/>\n\t<meta property=\"og:image:type\" content=\"image\/jpeg\" \/>\n<meta name=\"twitter:card\" content=\"summary_large_image\" \/>\n<meta name=\"twitter:label1\" content=\"Est. reading time\" \/>\n\t<meta name=\"twitter:data1\" content=\"2 minutes\" \/>\n<script type=\"application\/ld+json\" class=\"yoast-schema-graph\">{\"@context\":\"https:\/\/schema.org\",\"@graph\":[{\"@type\":\"WebPage\",\"@id\":\"https:\/\/paginasviralesonline.com\/blog\/about\/\",\"url\":\"https:\/\/paginasviralesonline.com\/blog\/about\/\",\"name\":\"About - P\u00e1ginas Virales Online\",\"isPartOf\":{\"@id\":\"https:\/\/paginasviralesonline.com\/blog\/#website\"},\"primaryImageOfPage\":{\"@id\":\"https:\/\/paginasviralesonline.com\/blog\/about\/#primaryimage\"},\"image\":{\"@id\":\"https:\/\/paginasviralesonline.com\/blog\/about\/#primaryimage\"},\"thumbnailUrl\":\"https:\/\/paginasviralesonline.com\/blog\/wp-content\/uploads\/2025\/06\/landing-pages-9.jpg\",\"datePublished\":\"2025-06-27T12:45:48+00:00\",\"dateModified\":\"2025-07-13T12:02:16+00:00\",\"breadcrumb\":{\"@id\":\"https:\/\/paginasviralesonline.com\/blog\/about\/#breadcrumb\"},\"inLanguage\":\"en-US\",\"potentialAction\":[{\"@type\":\"ReadAction\",\"target\":[\"https:\/\/paginasviralesonline.com\/blog\/about\/\"]}]},{\"@type\":\"ImageObject\",\"inLanguage\":\"en-US\",\"@id\":\"https:\/\/paginasviralesonline.com\/blog\/about\/#primaryimage\",\"url\":\"https:\/\/paginasviralesonline.com\/blog\/wp-content\/uploads\/2025\/06\/landing-pages-9.jpg\",\"contentUrl\":\"https:\/\/paginasviralesonline.com\/blog\/wp-content\/uploads\/2025\/06\/landing-pages-9.jpg\",\"width\":1024,\"height\":768},{\"@type\":\"BreadcrumbList\",\"@id\":\"https:\/\/paginasviralesonline.com\/blog\/about\/#breadcrumb\",\"itemListElement\":[{\"@type\":\"ListItem\",\"position\":1,\"name\":\"Home\",\"item\":\"https:\/\/paginasviralesonline.com\/blog\/\"},{\"@type\":\"ListItem\",\"position\":2,\"name\":\"About\"}]},{\"@type\":\"WebSite\",\"@id\":\"https:\/\/paginasviralesonline.com\/blog\/#website\",\"url\":\"https:\/\/paginasviralesonline.com\/blog\/\",\"name\":\"P\u00e1ginas Virales Online\",\"description\":\"Lanza paginas simples para cualquier offerta que estes promosionando.\",\"publisher\":{\"@id\":\"https:\/\/paginasviralesonline.com\/blog\/#\/schema\/person\/7fe111531bdaa307a43d109be61d9f34\"},\"potentialAction\":[{\"@type\":\"SearchAction\",\"target\":{\"@type\":\"EntryPoint\",\"urlTemplate\":\"https:\/\/paginasviralesonline.com\/blog\/?s={search_term_string}\"},\"query-input\":{\"@type\":\"PropertyValueSpecification\",\"valueRequired\":true,\"valueName\":\"search_term_string\"}}],\"inLanguage\":\"en-US\"},{\"@type\":[\"Person\",\"Organization\"],\"@id\":\"https:\/\/paginasviralesonline.com\/blog\/#\/schema\/person\/7fe111531bdaa307a43d109be61d9f34\",\"name\":\"Ismel Guerrero\",\"image\":{\"@type\":\"ImageObject\",\"inLanguage\":\"en-US\",\"@id\":\"https:\/\/paginasviralesonline.com\/blog\/#\/schema\/person\/image\/\",\"url\":\"https:\/\/paginasviralesonline.com\/blog\/wp-content\/uploads\/2025\/06\/cropped-pvo-favicon.png\",\"contentUrl\":\"https:\/\/paginasviralesonline.com\/blog\/wp-content\/uploads\/2025\/06\/cropped-pvo-favicon.png\",\"width\":512,\"height\":512,\"caption\":\"Ismel Guerrero\"},\"logo\":{\"@id\":\"https:\/\/paginasviralesonline.com\/blog\/#\/schema\/person\/image\/\"},\"sameAs\":[\"https:\/\/paginasviralesonline.com\/blog\",\"https:\/\/www.linkedin.com\/in\/ismel-guerrero-internet-marketing\/\"]}]}<\/script>\n<!-- \/ Yoast SEO plugin. -->","yoast_head_json":{"title":"About - P\u00e1ginas Virales Online","robots":{"index":"index","follow":"follow","max-snippet":"max-snippet:-1","max-image-preview":"max-image-preview:large","max-video-preview":"max-video-preview:-1"},"canonical":"https:\/\/paginasviralesonline.com\/blog\/about\/","og_locale":"en_US","og_type":"article","og_title":"About - P\u00e1ginas Virales Online","og_url":"https:\/\/paginasviralesonline.com\/blog\/about\/","og_site_name":"P\u00e1ginas Virales Online","article_modified_time":"2025-07-13T12:02:16+00:00","og_image":[{"width":1024,"height":768,"url":"https:\/\/paginasviralesonline.com\/blog\/wp-content\/uploads\/2025\/06\/landing-pages-9.jpg","type":"image\/jpeg"}],"twitter_card":"summary_large_image","twitter_misc":{"Est. reading time":"2 minutes"},"schema":{"@context":"https:\/\/schema.org","@graph":[{"@type":"WebPage","@id":"https:\/\/paginasviralesonline.com\/blog\/about\/","url":"https:\/\/paginasviralesonline.com\/blog\/about\/","name":"About - P\u00e1ginas Virales Online","isPartOf":{"@id":"https:\/\/paginasviralesonline.com\/blog\/#website"},"primaryImageOfPage":{"@id":"https:\/\/paginasviralesonline.com\/blog\/about\/#primaryimage"},"image":{"@id":"https:\/\/paginasviralesonline.com\/blog\/about\/#primaryimage"},"thumbnailUrl":"https:\/\/paginasviralesonline.com\/blog\/wp-content\/uploads\/2025\/06\/landing-pages-9.jpg","datePublished":"2025-06-27T12:45:48+00:00","dateModified":"2025-07-13T12:02:16+00:00","breadcrumb":{"@id":"https:\/\/paginasviralesonline.com\/blog\/about\/#breadcrumb"},"inLanguage":"en-US","potentialAction":[{"@type":"ReadAction","target":["https:\/\/paginasviralesonline.com\/blog\/about\/"]}]},{"@type":"ImageObject","inLanguage":"en-US","@id":"https:\/\/paginasviralesonline.com\/blog\/about\/#primaryimage","url":"https:\/\/paginasviralesonline.com\/blog\/wp-content\/uploads\/2025\/06\/landing-pages-9.jpg","contentUrl":"https:\/\/paginasviralesonline.com\/blog\/wp-content\/uploads\/2025\/06\/landing-pages-9.jpg","width":1024,"height":768},{"@type":"BreadcrumbList","@id":"https:\/\/paginasviralesonline.com\/blog\/about\/#breadcrumb","itemListElement":[{"@type":"ListItem","position":1,"name":"Home","item":"https:\/\/paginasviralesonline.com\/blog\/"},{"@type":"ListItem","position":2,"name":"About"}]},{"@type":"WebSite","@id":"https:\/\/paginasviralesonline.com\/blog\/#website","url":"https:\/\/paginasviralesonline.com\/blog\/","name":"P\u00e1ginas Virales Online","description":"Lanza paginas simples para cualquier offerta que estes promosionando.","publisher":{"@id":"https:\/\/paginasviralesonline.com\/blog\/#\/schema\/person\/7fe111531bdaa307a43d109be61d9f34"},"potentialAction":[{"@type":"SearchAction","target":{"@type":"EntryPoint","urlTemplate":"https:\/\/paginasviralesonline.com\/blog\/?s={search_term_string}"},"query-input":{"@type":"PropertyValueSpecification","valueRequired":true,"valueName":"search_term_string"}}],"inLanguage":"en-US"},{"@type":["Person","Organization"],"@id":"https:\/\/paginasviralesonline.com\/blog\/#\/schema\/person\/7fe111531bdaa307a43d109be61d9f34","name":"Ismel Guerrero","image":{"@type":"ImageObject","inLanguage":"en-US","@id":"https:\/\/paginasviralesonline.com\/blog\/#\/schema\/person\/image\/","url":"https:\/\/paginasviralesonline.com\/blog\/wp-content\/uploads\/2025\/06\/cropped-pvo-favicon.png","contentUrl":"https:\/\/paginasviralesonline.com\/blog\/wp-content\/uploads\/2025\/06\/cropped-pvo-favicon.png","width":512,"height":512,"caption":"Ismel Guerrero"},"logo":{"@id":"https:\/\/paginasviralesonline.com\/blog\/#\/schema\/person\/image\/"},"sameAs":["https:\/\/paginasviralesonline.com\/blog","https:\/\/www.linkedin.com\/in\/ismel-guerrero-internet-marketing\/"]}]}},"_links":{"self":[{"href":"https:\/\/paginasviralesonline.com\/blog\/wp-json\/wp\/v2\/pages\/8","targetHints":{"allow":["GET"]}}],"collection":[{"href":"https:\/\/paginasviralesonline.com\/blog\/wp-json\/wp\/v2\/pages"}],"about":[{"href":"https:\/\/paginasviralesonline.com\/blog\/wp-json\/wp\/v2\/types\/page"}],"author":[{"embeddable":true,"href":"https:\/\/paginasviralesonline.com\/blog\/wp-json\/wp\/v2\/users\/1"}],"replies":[{"embeddable":true,"href":"https:\/\/paginasviralesonline.com\/blog\/wp-json\/wp\/v2\/comments?post=8"}],"version-history":[{"count":11,"href":"https:\/\/paginasviralesonline.com\/blog\/wp-json\/wp\/v2\/pages\/8\/revisions"}],"predecessor-version":[{"id":307,"href":"https:\/\/paginasviralesonline.com\/blog\/wp-json\/wp\/v2\/pages\/8\/revisions\/307"}],"wp:attachment":[{"href":"https:\/\/paginasviralesonline.com\/blog\/wp-json\/wp\/v2\/media?parent=8"}],"curies":[{"name":"wp","href":"https:\/\/api.w.org\/{rel}","templated":true}]}}